{"id":126,"date":"2014-05-01T01:26:07","date_gmt":"2014-05-01T01:26:07","guid":{"rendered":"http:\/\/interpretechino.online\/?page_id=126"},"modified":"2015-01-20T19:54:12","modified_gmt":"2015-01-20T19:54:12","slug":"home","status":"publish","type":"page","link":"https:\/\/interpretechino.online\/zh-hans\/","title":{"rendered":"\u5bb6"},"content":{"rendered":"<div class=\"wpb-content-wrapper\"><p>[vc_row el_class=&#8221;mainslider slider cabeza&#8221;][vc_column width=&#8221;1\/1&#8243;][vc_carousel posts_query=&#8221;size:10|order_by:rand|post_type:slider&#8221; layout=&#8221;title|no_link,image|no_link,text|text&#8221; link_target=&#8221;_self&#8221; speed=&#8221;10000&#8243; mode=&#8221;horizontal&#8221; slides_per_view=&#8221;1&#8243; autoplay=&#8221;yes&#8221; wrap=&#8221;yes&#8221; thumb_size=&#8221;full&#8221;][\/vc_column][\/vc_row][vc_row][vc_column width=&#8221;1\/1&#8243;][vc_column_text css_animation=&#8221;appear&#8221;]<\/p>\n<h3><strong>\u5bb6 -\u5173\u4e8e\u6211\u4eec<\/strong><\/h3>\n<p>Babilon Language Coaching\u662f\u4e00\u5bb6\u56fd\u9645\u5316\u7684\u7ffb\u8bd1\u516c\u53f8\uff0c\u7cbe\u901a\u4e8e\u8bbe\u8ba1\uff0c\u6cd5\u5f8b\uff0c\u8d38\u6613\uff0c\u79d1\u6280\uff0c\u4f01\u7ba1\uff0c\u79d1\u5b66\uff0c\u548c\u6587\u5b66\u7b49\u591a\u9879\u9886\u57df\u3002\u4e3a\u80fd\u786e\u4fdd\u670d\u52a1\u54c1\u8d28\uff0c\u6211\u4eec\u4f1a\u7aed\u5c3d\u6240\u80fd\u7684\u4e0e\u6211\u4eec\u7684\u5ba2\u6237\u5bc6\u5207\u5408\u4f5c\uff0c\u4ee5\u5efa\u7acb\u5e76\u6709\u6548\u6267\u884c\u72ec\u7279\u5316\uff0c\u4e2a\u4eba\u5316\uff0c\u548c\u6574\u4f53\u5316\u7684\u4f5c\u4e1a\u65b9\u6848\u3002\u6240\u6709\u7ffb\u8bd1\u4f5c\u4e1a\u5747\u5305\u542b\u4e86\u4e2a\u4eba\u5316\u8bcd\u6c47\u5236\u5b9a\uff0c\u7b56\u5212\uff0c\u4fee\u8ba2\uff0c\u68c0\u9605\uff0c\u7814\u8ba8\uff0c\u53ca\u8ffd\u8e2a\u7b49\u591a\u9879\u4e25\u8c28\u8fc7\u7a0b\uff0c\u4fdd\u8bc1\u8bd1\u6587\u610f\u5f62\u5f0f\u7686\u5fe0\u4e8e\u539f\u6587\u3002[\/vc_column_text][\/vc_column][\/vc_row][vc_row][vc_column width=&#8221;1\/1&#8243;][vc_column_text el_class=&#8221;vas&#8221;]<\/p>\n<div id=\"services\"><\/div>\n<p>[\/vc_column_text][vc_posts_grid loop=&#8221;size:10|order_by:date|post_type:servicios|categories:36&#8243; grid_columns_count=&#8221;3&#8243; grid_layout=&#8221;title|no_link,text|text&#8221; grid_link_target=&#8221;_self&#8221; grid_layout_mode=&#8221;fitRows&#8221;][\/vc_column][\/vc_row][vc_row][vc_column width=&#8221;1\/6&#8243;][\/vc_column][vc_column width=&#8221;2\/3&#8243;][vc_video link=&#8221;https:\/\/www.youtube.com\/watch?v=1xIhQnsh9dc&amp;feature=youtu.be&#8221;][\/vc_column][vc_column width=&#8221;1\/6&#8243;][\/vc_column][\/vc_row][vc_row][vc_column width=&#8221;1\/1&#8243;][vc_column_text el_class=&#8221;vas&#8221;]<\/p>\n<div id=\"contact\"><\/div>\n<p>[\/vc_column_text][vc_text_separator title=&#8221;\u8054\u7e6b\u65b9\u5f0f&#8221; title_align=&#8221;separator_align_center&#8221; color=&#8221;grey&#8221;][\/vc_column][\/vc_row][vc_row][vc_column width=&#8221;1\/2&#8243;][vc_tabs][vc_tab title=&#8221;\u58a8\u897f\u54e5&#8221; tab_id=&#8221;1402958631-1-62&#8243;][vc_column_text]Madero No. 87-3 Col. Centro. C.P. 76000.<br \/>\nSantiago de Quer\u00e9taro, Quer\u00e9taro, M\u00e9xico.<\/p>\n<p>Tel.: +52 (442) 212 2910<\/p>\n<p>\u7535\u90ae: info@blcmexico.com[\/vc_column_text][\/vc_tab][vc_tab title=&#8221;\u7f8e\u56fd&#8221; tab_id=&#8221;1402958631-2-27&#8243;][vc_column_text]12372 Tierra Madre, ZC 79938.<br \/>\nEl Paso, Texas, USA.<\/p>\n<p>Tel: +1 (281) 941 7014<\/p>\n<p>\u7535\u90ae: jc@blcmexico.com[\/vc_column_text][\/vc_tab][\/vc_tabs][vc_gmaps title=&#8221;Maps&#8221; link=&#8221;#E-8_JTNDaWZyYW1lJTIwc3JjJTNEJTIyaHR0cHMlM0ElMkYlMkZ3d3cuZ29vZ2xlLmNvbSUyRm1hcHMlMkZlbWJlZCUzRnBiJTNEJTIxMW0xNCUyMTFtOCUyMTFtMyUyMTFkMzczNC45MjExODUwNjM2MTk4JTIxMmQtMTAwLjM5NTU2NyUyMTNkMjAuNTkxMjc1OTk5OTk5OTk3JTIxM20yJTIxMWkxMDI0JTIxMmk3NjglMjE0ZjEzLjElMjEzbTMlMjExbTIlMjExczB4ODVkMzFhNDkzYjc3MDQ1ZCUyNTNBMHg5Y2ZlMjM4MWNjZWFlMzNlJTIxMnNCYWJpbG9uJTJCTGFuZ3VhZ2UlMkJDb2FjaGluZyUyNTJDJTJCUy5DLiUyMTVlMCUyMTNtMiUyMTFzZXMlMjEyc214JTIxNHYxNDAxODU2MjY2Njg5JTIyJTIwd2lkdGglM0QlMjIxMjAwJTIyJTIwaGVpZ2h0JTNEJTIyMzAwJTIyJTIwZnJhbWVib3JkZXIlM0QlMjIwJTIyJTIwc3R5bGUlM0QlMjJib3JkZXIlM0EwJTIyJTNFJTNDJTJGaWZyYW1lJTNF&#8221; size=&#8221;400&#8243;][\/vc_column][vc_column width=&#8221;1\/2&#8243;][vc_column_text]\u5982\u6b32\u7d22\u53d6\u670d\u52a1\u7ec6\u8282\uff0c\u8bf7\u7559\u4e0b\u4ee5\u4e0b\u8054\u7edc\u8d44\u6599\uff0c\u6211\u4eec\u95e8\u4f1a\u5c3d\u5feb\u5730\u4e88\u60a8\u7b54\u590d\u3002[\/vc_column_text][vc_column_text]<div role=\"form\" class=\"wpcf7\" id=\"wpcf7-f767-o1\" lang=\"zh-CN\" dir=\"ltr\">\n<div class=\"screen-reader-response\"><\/div>\n<form action=\"\/zh-hans\/wp-json\/wp\/v2\/pages\/126#wpcf7-f767-o1\" method=\"post\" class=\"wpcf7-form\" novalidate=\"novalidate\">\n<div style=\"display: none;\">\n<input type=\"hidden\" name=\"_wpcf7\" value=\"767\" \/>\n<input type=\"hidden\" name=\"_wpcf7_version\" value=\"5.1.7\" \/>\n<input type=\"hidden\" name=\"_wpcf7_locale\" value=\"zh_CN\" \/>\n<input type=\"hidden\" name=\"_wpcf7_unit_tag\" value=\"wpcf7-f767-o1\" \/>\n<input type=\"hidden\" name=\"_wpcf7_container_post\" value=\"0\" \/>\n<\/div>\n<p>\u4f60\u7684\u540d\u5b57 \uff08\u5fc5\u586b\uff09<br \/>\n    <span class=\"wpcf7-form-control-wrap your-name\"><input type=\"text\" name=\"your-name\" value=\"\" size=\"40\" class=\"wpcf7-form-control wpcf7-text wpcf7-validates-as-required\" aria-required=\"true\" aria-invalid=\"false\" \/><\/span> <\/p>\n<p>\u4f60\u7684\u90ae\u7bb1 \uff08\u5fc5\u586b\uff09<br \/>\n    <span class=\"wpcf7-form-control-wrap your-email\"><input type=\"email\" name=\"your-email\" value=\"\" size=\"40\" class=\"wpcf7-form-control wpcf7-text wpcf7-email wpcf7-validates-as-required wpcf7-validates-as-email\" aria-required=\"true\" aria-invalid=\"false\" \/><\/span> <\/p>\n<p>\u4e3b\u9898<br \/>\n    <span class=\"wpcf7-form-control-wrap your-subject\"><input type=\"text\" name=\"your-subject\" value=\"\" size=\"40\" class=\"wpcf7-form-control wpcf7-text\" aria-invalid=\"false\" \/><\/span> <\/p>\n<p>\u4f60\u7684\u7559\u8a00<br \/>\n    <span class=\"wpcf7-form-control-wrap your-message\"><textarea name=\"your-message\" cols=\"40\" rows=\"10\" class=\"wpcf7-form-control wpcf7-textarea\" aria-invalid=\"false\"><\/textarea><\/span> <\/p>\n<p><input type=\"submit\" value=\"\u53d1\u9001\" class=\"wpcf7-form-control wpcf7-submit\" \/><\/p>\n<div class=\"wpcf7-response-output wpcf7-display-none\"><\/div><\/form><\/div>[\/vc_column_text][\/vc_column][\/vc_row]<\/p>\n<\/div>","protected":false},"excerpt":{"rendered":"<p>[vc_row el_class=&#8221;mainslider slide&hellip; <\/p>\n","protected":false},"author":1,"featured_media":0,"parent":0,"menu_order":0,"comment_status":"closed","ping_status":"closed","template":"","meta":{"footnotes":""},"class_list":["post-126","page","type-page","status-publish","hentry"],"_links":{"self":[{"href":"https:\/\/interpretechino.online\/zh-hans\/wp-json\/wp\/v2\/pages\/126","targetHints":{"allow":["GET"]}}],"collection":[{"href":"https:\/\/interpretechino.online\/zh-hans\/wp-json\/wp\/v2\/pages"}],"about":[{"href":"https:\/\/interpretechino.online\/zh-hans\/wp-json\/wp\/v2\/types\/page"}],"author":[{"embeddable":true,"href":"https:\/\/interpretechino.online\/zh-hans\/wp-json\/wp\/v2\/users\/1"}],"replies":[{"embeddable":true,"href":"https:\/\/interpretechino.online\/zh-hans\/wp-json\/wp\/v2\/comments?post=126"}],"version-history":[{"count":45,"href":"https:\/\/interpretechino.online\/zh-hans\/wp-json\/wp\/v2\/pages\/126\/revisions"}],"predecessor-version":[{"id":981,"href":"https:\/\/interpretechino.online\/zh-hans\/wp-json\/wp\/v2\/pages\/126\/revisions\/981"}],"wp:attachment":[{"href":"https:\/\/interpretechino.online\/zh-hans\/wp-json\/wp\/v2\/media?parent=126"}],"curies":[{"name":"wp","href":"https:\/\/api.w.org\/{rel}","templated":true}]}}