{"id":727,"date":"2014-05-01T01:26:07","date_gmt":"2014-05-01T01:26:07","guid":{"rendered":"http:\/\/interpretechino.online\/?page_id=727"},"modified":"2015-01-20T19:57:29","modified_gmt":"2015-01-20T19:57:29","slug":"home-2","status":"publish","type":"page","link":"https:\/\/interpretechino.online\/ko\/","title":{"rendered":"\uc9d1"},"content":{"rendered":"<div class=\"wpb-content-wrapper\"><p>[vc_row el_class=&#8221;mainslider slider cabeza&#8221;][vc_column width=&#8221;1\/1&#8243;][vc_carousel posts_query=&#8221;size:10|order_by:rand|post_type:slider&#8221; layout=&#8221;title|no_link,image|no_link,text|text&#8221; link_target=&#8221;_self&#8221; speed=&#8221;10000&#8243; mode=&#8221;horizontal&#8221; slides_per_view=&#8221;1&#8243; autoplay=&#8221;yes&#8221; wrap=&#8221;yes&#8221; thumb_size=&#8221;full&#8221;][\/vc_column][\/vc_row][vc_row][vc_column width=&#8221;1\/1&#8243;][vc_column_text css_animation=&#8221;appear&#8221;]<\/p>\n<h3>\uc9d1<\/h3>\n<h3><strong>\uc18c\uac1c<\/strong><\/h3>\n<p>\ubcf8\uc0ac\ub294 \ub514\uc790\uc778, \ubc95\ub960, \ub9c8\ucf00\ud305, \uacf5\ud559, \ube44\uc988\ub2c8\uc2a4, \uacfc\ud559, \ubb38\ud559 \ub4f1 \uc804 \ubd84\uc57c\ub97c \ub2f4\ub2f9\ud558\ub294 \ud1b5\uc5ed\uac00\ub4e4\uc758 \uad6d\uc81c\uc801\uc778 \uadf8\ub8f9\uc785\ub2c8\ub2e4. \uace0\uac1d\ub2d8\uc758 \uae30\ub300\ub97c \ub6f0\uc5b4\ub118\uc5b4 \uc5c5\uacc4 \ucd5c\uace0\uc758 \ud488\uc9c8\uc744 \ubcf4\uc7a5\ud558\uba70 \uc138\uc2ec\ud558\uace0 \ub9de\ucda4\ud654 \ub41c \ud504\ub85c\uc81d\ud2b8\ub97c \uace0\uc548\ud558\uace0 \uc218\ud589\ud558\uae30 \uc704\ud574, \uc5b8\uc81c\ub098 \uace0\uac1d\ub2d8\uc758 \ud3b8\uc758\uc5d0 \ub9de\ucd98 \uc11c\ube44\uc2a4\ub97c \uc81c\uacf5\ud569\ub2c8\ub2e4.<\/p>\n<p>Babilon Language Coaching \uc740 \uc885\ud569\uc801\uc778 \uc194\ub8e8\uc158\uc744 \uc81c\uacf5\ud569\ub2c8\ub2e4. \uac01 \ubc88\uc5ed \ud504\ub85c\uc81d\ud2b8\ub294 \uace0\uac1d\uc744 \uc704\ud55c \uc6a9\uc5b4 \ud574\uc124, \ub514\uc790\uc778, \ud3b8\uc9d1, \uad50\uc815, \uc870\uc0ac, \ubaa8\ub2c8\ud130\ub9c1 \ub4f1 \uad11\ubc94\uc704\ud55c \uc11c\ube44\uc2a4\ub97c \ud3ec\ud568\ud569\ub2c8\ub2e4. \uc6d0\ubcf8\uc5d0 \uc644\ubcbd\ud788 \uc77c\uce58\ud558\ub294 \ucd5c\uc885 \ubc88\uc5ed\ubcf8\uc744 \ub9cc\ub4e4\uae30 \uc704\ud574 \ubb38\uc11c \ub514\uc790\uc778 \ub4f1 \uc81c\ubc18 \ub0b4\uc6a9\uc5d0 \uc788\uc5b4\uc11c\ub3c4 \ucda9\uc2e4\ud568\uc744 \ubcf4\uc7a5\ud569\ub2c8\ub2e4.[\/vc_column_text][\/vc_column][\/vc_row][vc_row][vc_column width=&#8221;1\/1&#8243;][vc_column_text el_class=&#8221;vas&#8221;]<\/p>\n<div id=\"services\"><\/div>\n<p>[\/vc_column_text][vc_posts_grid loop=&#8221;size:10|order_by:date|post_type:servicios|categories:36&#8243; grid_columns_count=&#8221;3&#8243; grid_layout=&#8221;title|no_link,text|text&#8221; grid_link_target=&#8221;_self&#8221; grid_layout_mode=&#8221;fitRows&#8221;][\/vc_column][\/vc_row][vc_row][vc_column width=&#8221;1\/1&#8243;][vc_row_inner][vc_column_inner width=&#8221;1\/3&#8243;][\/vc_column_inner][vc_column_inner width=&#8221;1\/3&#8243;][vc_video link=&#8221;https:\/\/www.youtube.com\/watch?v=-wjLzy5LORM&#8221;][\/vc_column_inner][vc_column_inner width=&#8221;1\/3&#8243;][\/vc_column_inner][\/vc_row_inner][vc_column_text el_class=&#8221;vas&#8221;]<\/p>\n<div id=\"contact\"><\/div>\n<p>[\/vc_column_text][vc_text_separator title=&#8221;\uc5f0\ub77d\ucc98&#8221; title_align=&#8221;separator_align_center&#8221; color=&#8221;grey&#8221;][\/vc_column][\/vc_row][vc_row][vc_column width=&#8221;1\/2&#8243;][vc_tabs][vc_tab title=&#8221;\uba55\uc2dc\ucf54 \ubcf8\uc0ac&#8221; tab_id=&#8221;1402958631-1-62&#8243;][vc_column_text]<strong>Madero No. 87-3 Col. Centro. C.P. 76000.<br \/>\nSantiago de Quer\u00e9taro, Quer\u00e9taro, M\u00e9xico.<\/strong><\/p>\n<p><strong>Tel.: +52 (442) 212 2910<\/strong><\/p>\n<p><strong>E-mail:\u00a0info@blcmexico.com<\/strong>[\/vc_column_text][\/vc_tab][vc_tab title=&#8221;\ubbf8\uad6d \uc9c0\uc0ac&#8221; tab_id=&#8221;1402958631-2-27&#8243;][vc_column_text]<strong>12372 Tierra Madre, ZC 79938.<br \/>\nEl Paso, Texas, USA.<\/strong><\/p>\n<p><strong>Tel: +1 (281) 941 7014<\/strong><\/p>\n<p><strong>\u00a0Email: jc@blcmexico.com<\/strong>[\/vc_column_text][\/vc_tab][\/vc_tabs][vc_gmaps title=&#8221;Maps&#8221; link=&#8221;#E-8_JTNDaWZyYW1lJTIwc3JjJTNEJTIyaHR0cHMlM0ElMkYlMkZ3d3cuZ29vZ2xlLmNvbSUyRm1hcHMlMkZlbWJlZCUzRnBiJTNEJTIxMW0xNCUyMTFtOCUyMTFtMyUyMTFkMzczNC45MjExODUwNjM2MTk4JTIxMmQtMTAwLjM5NTU2NyUyMTNkMjAuNTkxMjc1OTk5OTk5OTk3JTIxM20yJTIxMWkxMDI0JTIxMmk3NjglMjE0ZjEzLjElMjEzbTMlMjExbTIlMjExczB4ODVkMzFhNDkzYjc3MDQ1ZCUyNTNBMHg5Y2ZlMjM4MWNjZWFlMzNlJTIxMnNCYWJpbG9uJTJCTGFuZ3VhZ2UlMkJDb2FjaGluZyUyNTJDJTJCUy5DLiUyMTVlMCUyMTNtMiUyMTFzZXMlMjEyc214JTIxNHYxNDAxODU2MjY2Njg5JTIyJTIwd2lkdGglM0QlMjIxMjAwJTIyJTIwaGVpZ2h0JTNEJTIyMzAwJTIyJTIwZnJhbWVib3JkZXIlM0QlMjIwJTIyJTIwc3R5bGUlM0QlMjJib3JkZXIlM0EwJTIyJTNFJTNDJTJGaWZyYW1lJTNF&#8221; size=&#8221;400&#8243;][\/vc_column][vc_column width=&#8221;1\/2&#8243;][vc_column_text]\ubcf8\uc0ac\uc758 \uc11c\ube44\uc2a4, \ube44\uc6a9 \ubc0f \uacac\uc801\uc5d0 \ub300\ud574 \uad81\uae08\ud55c \uc810\uc774 \uc788\uc73c\uc2dc\uba74 \uba54\uc2dc\uc9c0\ub97c \ub0a8\uaca8\uc8fc\uc2dc\uba74 \uc131\uc2e4\ud788 \ub2f5\ubcc0 \ub4dc\ub9ac\ub3c4\ub85d \ud558\uaca0\uc2b5\ub2c8\ub2e4. \uc5b8\uc81c\ub098 \uace0\uac1d \ub9cc\uc871\uc744 \uc704\ud574 \ucd5c\uc120\uc744 \ub2e4\ud558\uaca0\uc2b5\ub2c8\ub2e4.[\/vc_column_text][vc_column_text]<div role=\"form\" class=\"wpcf7\" id=\"wpcf7-f773-o1\" lang=\"ko-KR\" dir=\"ltr\">\n<div class=\"screen-reader-response\"><\/div>\n<form action=\"\/ko\/wp-json\/wp\/v2\/pages\/727#wpcf7-f773-o1\" method=\"post\" class=\"wpcf7-form\" novalidate=\"novalidate\">\n<div style=\"display: none;\">\n<input type=\"hidden\" name=\"_wpcf7\" value=\"773\" \/>\n<input type=\"hidden\" name=\"_wpcf7_version\" value=\"5.1.7\" \/>\n<input type=\"hidden\" name=\"_wpcf7_locale\" value=\"ko_KR\" \/>\n<input type=\"hidden\" name=\"_wpcf7_unit_tag\" value=\"wpcf7-f773-o1\" \/>\n<input type=\"hidden\" name=\"_wpcf7_container_post\" value=\"0\" \/>\n<\/div>\n<p>\uc774\ub984 (\ud544\uc218)<br \/>\n    <span class=\"wpcf7-form-control-wrap your-name\"><input type=\"text\" name=\"your-name\" value=\"\" size=\"40\" class=\"wpcf7-form-control wpcf7-text wpcf7-validates-as-required\" aria-required=\"true\" aria-invalid=\"false\" \/><\/span> <\/p>\n<p>\uc774\uba54\uc77c (\ud544\uc218)<br \/>\n    <span class=\"wpcf7-form-control-wrap your-email\"><input type=\"email\" name=\"your-email\" value=\"\" size=\"40\" class=\"wpcf7-form-control wpcf7-text wpcf7-email wpcf7-validates-as-required wpcf7-validates-as-email\" aria-required=\"true\" aria-invalid=\"false\" \/><\/span> <\/p>\n<p>\uc81c\ubaa9<br \/>\n    <span class=\"wpcf7-form-control-wrap your-subject\"><input type=\"text\" name=\"your-subject\" value=\"\" size=\"40\" class=\"wpcf7-form-control wpcf7-text\" aria-invalid=\"false\" \/><\/span> <\/p>\n<p>\uba54\uc2dc\uc9c0<br \/>\n    <span class=\"wpcf7-form-control-wrap your-message\"><textarea name=\"your-message\" cols=\"40\" rows=\"10\" class=\"wpcf7-form-control wpcf7-textarea\" aria-invalid=\"false\"><\/textarea><\/span> <\/p>\n<p><input type=\"submit\" value=\"\ubcf4\ub0b4\uae30\" class=\"wpcf7-form-control wpcf7-submit\" \/><\/p>\n<div class=\"wpcf7-response-output wpcf7-display-none\"><\/div><\/form><\/div>[\/vc_column_text][\/vc_column][\/vc_row]<\/p>\n<\/div>","protected":false},"excerpt":{"rendered":"<p>[vc_row el_class=&#8221;mainslider slider cabeza&#8221;][vc_column width=&#8221;1\/1&#8243;][vc_carousel posts_query=&#8221;size:10|order_by:rand|post_type:slider&#8221; layout=&#8221;title|no_link,image|no_link,text|text&#8221; link_target=&#8221;_self&#8221; speed=&#8221;10000&#8243; mode=&#8221;horizontal&#8221; slides_per_view=&#8221;1&#8243; autoplay=&#8221;yes&#8221; wrap=&#8221;yes&#8221; thumb_size=&#8221;full&#8221;][\/vc_column][\/vc_row][vc_row][vc_column width=&#8221;1\/1&#8243;][vc_column_text css_animation=&#8221;appear&#8221;] \uc9d1 \uc18c\uac1c \ubcf8\uc0ac\ub294 \ub514\uc790\uc778, \ubc95\ub960, \ub9c8\ucf00\ud305, \uacf5\ud559, \ube44\uc988\ub2c8\uc2a4, \uacfc\ud559, \ubb38\ud559 \ub4f1 \uc804 \ubd84\uc57c\ub97c \ub2f4\ub2f9\ud558\ub294 \ud1b5\uc5ed\uac00\ub4e4\uc758 \uad6d\uc81c\uc801\uc778 \uadf8\ub8f9\uc785\ub2c8\ub2e4. \uace0\uac1d\ub2d8\uc758 \uae30\ub300\ub97c \ub6f0\uc5b4\ub118\uc5b4 \uc5c5\uacc4 \ucd5c\uace0\uc758 \ud488\uc9c8\uc744 \ubcf4\uc7a5\ud558\uba70&hellip; <\/p>\n","protected":false},"author":1,"featured_media":0,"parent":0,"menu_order":0,"comment_status":"closed","ping_status":"closed","template":"","meta":{"footnotes":""},"class_list":["post-727","page","type-page","status-publish","hentry"],"_links":{"self":[{"href":"https:\/\/interpretechino.online\/ko\/wp-json\/wp\/v2\/pages\/727","targetHints":{"allow":["GET"]}}],"collection":[{"href":"https:\/\/interpretechino.online\/ko\/wp-json\/wp\/v2\/pages"}],"about":[{"href":"https:\/\/interpretechino.online\/ko\/wp-json\/wp\/v2\/types\/page"}],"author":[{"embeddable":true,"href":"https:\/\/interpretechino.online\/ko\/wp-json\/wp\/v2\/users\/1"}],"replies":[{"embeddable":true,"href":"https:\/\/interpretechino.online\/ko\/wp-json\/wp\/v2\/comments?post=727"}],"version-history":[{"count":21,"href":"https:\/\/interpretechino.online\/ko\/wp-json\/wp\/v2\/pages\/727\/revisions"}],"predecessor-version":[{"id":982,"href":"https:\/\/interpretechino.online\/ko\/wp-json\/wp\/v2\/pages\/727\/revisions\/982"}],"wp:attachment":[{"href":"https:\/\/interpretechino.online\/ko\/wp-json\/wp\/v2\/media?parent=727"}],"curies":[{"name":"wp","href":"https:\/\/api.w.org\/{rel}","templated":true}]}}