{"id":726,"date":"2014-05-01T01:26:07","date_gmt":"2014-05-01T01:26:07","guid":{"rendered":"http:\/\/interpretechino.online\/?page_id=726"},"modified":"2015-01-20T19:36:19","modified_gmt":"2015-01-20T19:36:19","slug":"home","status":"publish","type":"page","link":"https:\/\/interpretechino.online\/ja\/","title":{"rendered":"\u30db\u30fc\u30e0"},"content":{"rendered":"<div class=\"wpb-content-wrapper\"><p>[vc_row el_class=&#8221;mainslider slider cabeza&#8221;][vc_column width=&#8221;1\/1&#8243;][vc_carousel posts_query=&#8221;size:10|order_by:rand|post_type:slider&#8221; layout=&#8221;title|no_link,image|no_link,text|text&#8221; link_target=&#8221;_self&#8221; speed=&#8221;10000&#8243; mode=&#8221;horizontal&#8221; slides_per_view=&#8221;1&#8243; autoplay=&#8221;yes&#8221; wrap=&#8221;yes&#8221; thumb_size=&#8221;full&#8221;][\/vc_column][\/vc_row][vc_row][vc_column width=&#8221;1\/1&#8243;][vc_column_text css_animation=&#8221;appear&#8221;]<\/p>\n<h3><strong>\u30db\u30fc\u30e0<\/strong><\/h3>\n<h3><strong>\u79c1\u305f\u3061<\/strong><\/h3>\n<p>\u6211\u3005\u306f\u30d7\u30ed\u3084\u500b\u4eba\u7684\u306b\u500b\u4eba\u3084\u4f01\u696d\u3078\u306e\u8a00\u8a9e\u554f\u984c\u306e\u89e3\u6c7a\u3092\u63d0\u4f9b\u3057\u3001\u304a\u5ba2\u69d8\u306e\u8981\u6c42\u3092\u6e80\u305f\u3059\u305f\u3081\u306b\u3001\u5e38\u306b\u5171\u901a\u306e\u76ee\u7684\u306b\u5411\u3051\u305f\u4e00\u5b9a\u306e\u30d5\u30a3\u30fc\u30c9\u30d0\u30c3\u30af\u3092\u4fdd\u969c\u3057\u307e\u3059\u3002\u6211\u3005\u306f\u56fd\u5185\u3067\u8a00\u8a9e\u30b5\u30fc\u30d3\u30b9\u306e\u30ea\u30fc\u30c0\u3067\u3042\u308a\u3001\u8cea\u306e\u9ad8\u3044\u6559\u80b2\u3084\u30a2\u30c9\u30d0\u30a4\u30b9\u3092\u63d0\u4f9b\u3057\u307e\u3059\u3002\u307e\u305f\u3001\u512a\u308c\u305f\u30b5\u30fc\u30d3\u30b9\u3092\u63d0\u4f9b\u3059\u308b\u305f\u3081\u306b\u6700\u9ad8\u306e\u30b9\u30bf\u30c3\u30d5\u3092\u6301\u3061\u3001\u30c7\u30b6\u30a4\u30f3\u3001\u6cd5\u5f8b\u3001\u30de\u30fc\u30b1\u30c6\u30a3\u30f3\u30b0\u3001\u6280\u8853\u3001\u30d3\u30b8\u30cd\u30b9\u3001\u79d1\u5b66\u3001\u6587\u5b66\u306e\u5206\u91ce\u3067\u8a13\u7df4\u3092\u53d7\u3051\u305f\u901a\u8a33\u8005\u306e\u30c1\u30fc\u30e0\u3067\u6210\u308a\u7acb\u3063\u3066\u3044\u307e\u3059\u3002\u3000\u79c1\u305f\u3061\u306e\u30b5\u30fc\u30d3\u30b9\u306f\u3001\u305d\u308c\u305e\u308c\u304a\u5ba2\u69d8\u306e\u76ee\u6a19\u3092\u9054\u6210\u3059\u308b\u305f\u3081\u3001\u305d\u306e\u76ee\u6a19\u3092\u77e5\u308a\u6700\u826f\u306e\u6226\u7565\u3092\u7acb\u3066\u3001\u4e00\u7dd2\u306b\u305d\u306e\u76ee\u6a19\u3092\u76ee\u6307\u3057\u307e\u3059\u3002[\/vc_column_text][\/vc_column][\/vc_row][vc_row][vc_column width=&#8221;1\/1&#8243;][vc_column_text el_class=&#8221;vas&#8221;]<\/p>\n<div id=\"services\"><\/div>\n<p>[\/vc_column_text][vc_posts_grid loop=&#8221;size:10|order_by:date|post_type:servicios|categories:36&#8243; grid_columns_count=&#8221;3&#8243; grid_layout=&#8221;title|no_link,text|text&#8221; grid_link_target=&#8221;_self&#8221; grid_layout_mode=&#8221;fitRows&#8221;][\/vc_column][\/vc_row][vc_row][vc_column width=&#8221;1\/6&#8243;][\/vc_column][vc_column width=&#8221;2\/3&#8243;][vc_video link=&#8221;https:\/\/www.youtube.com\/watch?v=uqp9JQRtRnI&amp;feature=youtu.be&#8221;][\/vc_column][vc_column width=&#8221;1\/6&#8243;][\/vc_column][\/vc_row][vc_row][vc_column width=&#8221;1\/1&#8243;][vc_column_text el_class=&#8221;vas&#8221;]<\/p>\n<div id=\"contact\"><\/div>\n<p>[\/vc_column_text][vc_text_separator title=&#8221;\u30b3\u30f3\u30bf\u30af\u30c8&#8221; title_align=&#8221;separator_align_center&#8221; color=&#8221;grey&#8221;][\/vc_column][\/vc_row][vc_row][vc_column width=&#8221;1\/2&#8243;][vc_tabs][vc_tab title=&#8221;Mexico&#8221; tab_id=&#8221;1402958631-1-62&#8243;][vc_column_text]<strong>Madero No. 87-3 Col. Centro. C.P. 76000.<br \/>\nSantiago de Quer\u00e9taro, Quer\u00e9taro, M\u00e9xico.<\/strong><\/p>\n<p><strong>Tel.: +52 (442) 212 2910<\/strong><\/p>\n<p><strong>\u96fb\u5b50\u30e1\u30fc\u30eb:\u00a0info@blcmexico.com<\/strong>[\/vc_column_text][\/vc_tab][vc_tab title=&#8221;\u4ee3\u7406\u5e97 EEUU&#8221; tab_id=&#8221;1402958631-2-27&#8243;][vc_column_text]<strong>12372 Tierra Madre, ZC 79938.<br \/>\nEl Paso, Texas, USA.<\/strong><\/p>\n<p><strong>Tel: +1 (281) 941 7014<\/strong><\/p>\n<p><strong>\u96fb\u5b50\u30e1\u30fc\u30eb: jc@blcmexico.com<\/strong>[\/vc_column_text][\/vc_tab][\/vc_tabs][vc_gmaps title=&#8221;Maps&#8221; link=&#8221;#E-8_JTNDaWZyYW1lJTIwc3JjJTNEJTIyaHR0cHMlM0ElMkYlMkZ3d3cuZ29vZ2xlLmNvbSUyRm1hcHMlMkZlbWJlZCUzRnBiJTNEJTIxMW0xNCUyMTFtOCUyMTFtMyUyMTFkMzczNC45MjExODUwNjM2MTk4JTIxMmQtMTAwLjM5NTU2NyUyMTNkMjAuNTkxMjc1OTk5OTk5OTk3JTIxM20yJTIxMWkxMDI0JTIxMmk3NjglMjE0ZjEzLjElMjEzbTMlMjExbTIlMjExczB4ODVkMzFhNDkzYjc3MDQ1ZCUyNTNBMHg5Y2ZlMjM4MWNjZWFlMzNlJTIxMnNCYWJpbG9uJTJCTGFuZ3VhZ2UlMkJDb2FjaGluZyUyNTJDJTJCUy5DLiUyMTVlMCUyMTNtMiUyMTFzZXMlMjEyc214JTIxNHYxNDAxODU2MjY2Njg5JTIyJTIwd2lkdGglM0QlMjIxMjAwJTIyJTIwaGVpZ2h0JTNEJTIyMzAwJTIyJTIwZnJhbWVib3JkZXIlM0QlMjIwJTIyJTIwc3R5bGUlM0QlMjJib3JkZXIlM0EwJTIyJTNFJTNDJTJGaWZyYW1lJTNF&#8221; size=&#8221;400&#8243;][\/vc_column][vc_column width=&#8221;1\/2&#8243;][vc_column_text]\u79c1\u305f\u3061\u306e\u30b5\u30fc\u30d3\u30b9\u306e\u3044\u305a\u308c\u304b\u306e\u8a73\u7d30\u306b\u3064\u3044\u3066\u306f\u3001\u79c1\u305f\u3061\u306b\u30e1\u30fc\u30eb\u3092\u9001\u3063\u3066\u3082\u3089\u3044\u3059\u3050\u306b\u3001\u898b\u7a4d\u3082\u308a\u3092\u9001\u308a\u305f\u3057\u307e\u3059\u3002\u3042\u306a\u305f\u306e\u305f\u3081\u306e\u30bd\u30ea\u30e5\u30fc\u30b7\u30e7\u30f3\u3092\u6301\u3063\u3066\u3044\u307e\u3059![\/vc_column_text][vc_column_text]<\/p>\n<div role=\"form\" class=\"wpcf7\" id=\"wpcf7-f770-o1\" lang=\"ja\" dir=\"ltr\">\n<div class=\"screen-reader-response\"><\/div>\n<form action=\"\/ja\/wp-json\/wp\/v2\/pages\/726#wpcf7-f770-o1\" method=\"post\" class=\"wpcf7-form\" novalidate=\"novalidate\">\n<div style=\"display: none;\">\n<input type=\"hidden\" name=\"_wpcf7\" value=\"770\" \/>\n<input type=\"hidden\" name=\"_wpcf7_version\" value=\"5.1.7\" \/>\n<input type=\"hidden\" name=\"_wpcf7_locale\" value=\"ja\" \/>\n<input type=\"hidden\" name=\"_wpcf7_unit_tag\" value=\"wpcf7-f770-o1\" \/>\n<input type=\"hidden\" name=\"_wpcf7_container_post\" value=\"0\" \/>\n<\/div>\n<p>\u304a\u540d\u524d (\u5fc5\u9808)<br \/>\n    <span class=\"wpcf7-form-control-wrap your-name\"><input type=\"text\" name=\"your-name\" value=\"\" size=\"40\" class=\"wpcf7-form-control wpcf7-text wpcf7-validates-as-required\" aria-required=\"true\" aria-invalid=\"false\" \/><\/span> <\/p>\n<p>\u30e1\u30fc\u30eb\u30a2\u30c9\u30ec\u30b9 (\u5fc5\u9808)<br \/>\n    <span class=\"wpcf7-form-control-wrap your-email\"><input type=\"email\" name=\"your-email\" value=\"\" size=\"40\" class=\"wpcf7-form-control wpcf7-text wpcf7-email wpcf7-validates-as-required wpcf7-validates-as-email\" aria-required=\"true\" aria-invalid=\"false\" \/><\/span> <\/p>\n<p>\u984c\u540d<br \/>\n    <span class=\"wpcf7-form-control-wrap your-subject\"><input type=\"text\" name=\"your-subject\" value=\"\" size=\"40\" class=\"wpcf7-form-control wpcf7-text\" aria-invalid=\"false\" \/><\/span> <\/p>\n<p>\u30e1\u30c3\u30bb\u30fc\u30b8\u672c\u6587<br \/>\n    <span class=\"wpcf7-form-control-wrap your-message\"><textarea name=\"your-message\" cols=\"40\" rows=\"10\" class=\"wpcf7-form-control wpcf7-textarea\" aria-invalid=\"false\"><\/textarea><\/span> <\/p>\n<p><input type=\"submit\" value=\"\u9001\u4fe1\" class=\"wpcf7-form-control wpcf7-submit\" \/><\/p>\n<div class=\"wpcf7-response-output wpcf7-display-none\"><\/div><\/form><\/div>[\/vc_column_text][\/vc_column][\/vc_row]<\/p>\n<\/div>","protected":false},"excerpt":{"rendered":"<p>[vc_row el_class=&#8221;mainslider slide&hellip; <\/p>\n","protected":false},"author":1,"featured_media":0,"parent":0,"menu_order":0,"comment_status":"closed","ping_status":"closed","template":"","meta":{"footnotes":""},"class_list":["post-726","page","type-page","status-publish","hentry"],"_links":{"self":[{"href":"https:\/\/interpretechino.online\/ja\/wp-json\/wp\/v2\/pages\/726","targetHints":{"allow":["GET"]}}],"collection":[{"href":"https:\/\/interpretechino.online\/ja\/wp-json\/wp\/v2\/pages"}],"about":[{"href":"https:\/\/interpretechino.online\/ja\/wp-json\/wp\/v2\/types\/page"}],"author":[{"embeddable":true,"href":"https:\/\/interpretechino.online\/ja\/wp-json\/wp\/v2\/users\/1"}],"replies":[{"embeddable":true,"href":"https:\/\/interpretechino.online\/ja\/wp-json\/wp\/v2\/comments?post=726"}],"version-history":[{"count":14,"href":"https:\/\/interpretechino.online\/ja\/wp-json\/wp\/v2\/pages\/726\/revisions"}],"predecessor-version":[{"id":979,"href":"https:\/\/interpretechino.online\/ja\/wp-json\/wp\/v2\/pages\/726\/revisions\/979"}],"wp:attachment":[{"href":"https:\/\/interpretechino.online\/ja\/wp-json\/wp\/v2\/media?parent=726"}],"curies":[{"name":"wp","href":"https:\/\/api.w.org\/{rel}","templated":true}]}}